{"id":2,"date":"2016-05-10T03:48:21","date_gmt":"2016-05-10T01:48:21","guid":{"rendered":"https:\/\/diffundit.com\/?page_id=2"},"modified":"2022-10-28T11:20:40","modified_gmt":"2022-10-28T09:20:40","slug":"home","status":"publish","type":"page","link":"https:\/\/diffundit.com\/","title":{"rendered":"Inicio"},"content":{"rendered":"<p><center><br \/>\n<img decoding=\"async\" style=\"margin:100px 0;\" src=\"https:\/\/diffundit.com\/wp-content\/uploads\/2022\/10\/diffundit_negro.png\" alt=\"diffundit\u00ae\" title=\"Diffundit Disen\u0303o &amp; Comunicacio\u0301n, S.L.\" width=\"450px\"><\/p>\n<p style=\"margin-top: 50px; font-family: Helvetica; font-weight: 100; font-size: 14px; line-height: 13px;\">\ndise\u00f1o, gesti\u00f3n y alojamiento de p\u00e1ginas web<br \/>\n\u2014\u2014\u2014\u2014\u2014<br \/>\nmaquetaci\u00f3n de publicaciones impresas y digitales<br \/>\n\u2014\u2014\u2014\u2014\u2014<br \/>\npublicaci\u00f3n de revistas electr\u00f3nicas<br \/>\n\u2014\u2014\u2014\u2014\u2014<br \/>\ntraducci\u00f3n y correcci\u00f3n de textos<br \/>\n\u2014\u2014\u2014\u2014\u2014<br \/>\nsecretar\u00eda t\u00e9cnica de congresos<br \/>\n\u2014\u2014\u2014\u2014\u2014<br \/>\nalquiler de equipamiento inform\u00e1tico<\/p>\n<p style=\"margin-top: 100px; font-family: Courier;\"><strong>Informaci\u00f3n y contacto:<\/strong><br \/>\n<a href=\"mailto:info@diffundit.com\">info@diffundit.com<\/a><\/p>\n<p style=\"margin-top: 100px; font-family: Helvetica; font-size: 14px; \">\u00a9 Diffundit Disen\u0303o &amp; Comunicacio\u0301n, S.L.<\/p>\n<p><\/center><\/p>\n","protected":false},"excerpt":{"rendered":"<p>dise\u00f1o, gesti\u00f3n y alojamiento de p\u00e1ginas web \u2014\u2014\u2014\u2014\u2014 maquetaci\u00f3n de publicaciones impresas y digitales \u2014\u2014\u2014\u2014\u2014 publicaci\u00f3n de revistas electr\u00f3nicas \u2014\u2014\u2014\u2014\u2014 traducci\u00f3n y correcci\u00f3n de textos \u2014\u2014\u2014\u2014\u2014 secretar\u00eda t\u00e9cnica de congresos \u2014\u2014\u2014\u2014\u2014 alquiler de equipamiento inform\u00e1tico Informaci\u00f3n y contacto: info@diffundit.com \u00a9 Diffundit Disen\u0303o &amp; Comunicacio\u0301n, S.L.<\/p>\n","protected":false},"author":2,"featured_media":0,"parent":0,"menu_order":0,"comment_status":"closed","ping_status":"closed","template":"","meta":{"footnotes":""},"class_list":["post-2","page","type-page","status-publish","hentry","entry"],"_links":{"self":[{"href":"https:\/\/diffundit.com\/index.php?rest_route=\/wp\/v2\/pages\/2","targetHints":{"allow":["GET"]}}],"collection":[{"href":"https:\/\/diffundit.com\/index.php?rest_route=\/wp\/v2\/pages"}],"about":[{"href":"https:\/\/diffundit.com\/index.php?rest_route=\/wp\/v2\/types\/page"}],"author":[{"embeddable":true,"href":"https:\/\/diffundit.com\/index.php?rest_route=\/wp\/v2\/users\/2"}],"replies":[{"embeddable":true,"href":"https:\/\/diffundit.com\/index.php?rest_route=%2Fwp%2Fv2%2Fcomments&post=2"}],"version-history":[{"count":4,"href":"https:\/\/diffundit.com\/index.php?rest_route=\/wp\/v2\/pages\/2\/revisions"}],"predecessor-version":[{"id":7,"href":"https:\/\/diffundit.com\/index.php?rest_route=\/wp\/v2\/pages\/2\/revisions\/7"}],"wp:attachment":[{"href":"https:\/\/diffundit.com\/index.php?rest_route=%2Fwp%2Fv2%2Fmedia&parent=2"}],"curies":[{"name":"wp","href":"https:\/\/api.w.org\/{rel}","templated":true}]}}